{"id":1417,"date":"2023-02-10T17:07:30","date_gmt":"2023-02-10T15:07:30","guid":{"rendered":"http:\/\/tb-wilferdingen.de\/?page_id=1417"},"modified":"2025-05-17T08:42:47","modified_gmt":"2025-05-17T06:42:47","slug":"sportabzeichen","status":"publish","type":"page","link":"http:\/\/tb-wilferdingen.de\/?page_id=1417","title":{"rendered":"Sportabzeichen"},"content":{"rendered":"<p><strong>Sportabzeichen 2025<\/strong><\/p>\n<p>Der TBW hat seit 2018 jedes Jahr die meisten Sportabzeichen des <strong>Sportkreis Pforzheim Enzkreis<\/strong> gemeldet. Auch 2024 war der TBW mit 153 Sportabzeichenteilnahmen an der Spitze.<\/p>\n<p>Training und Abnahme Leichtathletik Erwachsene und Sch\u00fcler:<\/p>\n<p>Montagabends 18.30 \u2013 19.30 Uhr<\/p>\n<p>Training: \u00a0\u00a0\u00a0\u00a0\u00a0\u00a0\u00a0\u00a0\u00a0\u00a0\u00a0\u00a0\u00a0\u00a0\u00a0\u00a0\u00a0\u00a0 23. Juni + 30. Juni + 07. Juli 2025<\/p>\n<p>Training + Abnahme: 14.\u00a0 Juni + 21. Juni 2024<\/p>\n<p>&nbsp;<\/p>\n<p>Abnahme Walking\/Nordic-Walking:<\/p>\n<p>Freitag, 11. Juli 2024, 17 Uhr, \u00a0\u00a0\u00a0\u00a0\u00a0 Treffpunkt: Turnhalle\/Jahnstra\u00dfe<\/p>\n<p>&nbsp;<\/p>\n<p>Abnahme Radfahren (Ausdauer und Sprint):<\/p>\n<p>Samstag, 14. September 2025, 9 Uhr,\u00a0\u00a0\u00a0\u00a0\u00a0\u00a0\u00a0\u00a0\u00a0 Treffpunkt: Ecke B10\/Im Eschele<\/p>\n<figure id=\"attachment_1564\" aria-describedby=\"caption-attachment-1564\" style=\"width: 300px\" class=\"wp-caption alignnone\"><img loading=\"lazy\" decoding=\"async\" class=\"wp-image-1564 size-medium\" src=\"http:\/\/tb-wilferdingen.de\/wp-content\/uploads\/2024\/01\/Sportabzeichen-3-300x154.jpg\" alt=\"\" width=\"300\" height=\"154\" srcset=\"http:\/\/tb-wilferdingen.de\/wp-content\/uploads\/2024\/01\/Sportabzeichen-3-300x154.jpg 300w, http:\/\/tb-wilferdingen.de\/wp-content\/uploads\/2024\/01\/Sportabzeichen-3-1024x525.jpg 1024w, http:\/\/tb-wilferdingen.de\/wp-content\/uploads\/2024\/01\/Sportabzeichen-3-768x394.jpg 768w, http:\/\/tb-wilferdingen.de\/wp-content\/uploads\/2024\/01\/Sportabzeichen-3-1536x787.jpg 1536w, http:\/\/tb-wilferdingen.de\/wp-content\/uploads\/2024\/01\/Sportabzeichen-3-2048x1050.jpg 2048w, http:\/\/tb-wilferdingen.de\/wp-content\/uploads\/2024\/01\/Sportabzeichen-3-1200x615.jpg 1200w\" sizes=\"(max-width: 300px) 85vw, 300px\" \/><figcaption id=\"caption-attachment-1564\" class=\"wp-caption-text\">Ein paar Absolventen des TBW vom Sportabzeichen 2023<\/figcaption><\/figure>\n<p>&nbsp;<\/p>\n<figure id=\"attachment_1655\" aria-describedby=\"caption-attachment-1655\" style=\"width: 300px\" class=\"wp-caption alignnone\"><img loading=\"lazy\" decoding=\"async\" class=\"wp-image-1655 size-medium\" src=\"http:\/\/tb-wilferdingen.de\/wp-content\/uploads\/2024\/04\/3Radfahren-300x252.jpg\" alt=\"\" width=\"300\" height=\"252\" srcset=\"http:\/\/tb-wilferdingen.de\/wp-content\/uploads\/2024\/04\/3Radfahren-300x252.jpg 300w, http:\/\/tb-wilferdingen.de\/wp-content\/uploads\/2024\/04\/3Radfahren-768x646.jpg 768w, http:\/\/tb-wilferdingen.de\/wp-content\/uploads\/2024\/04\/3Radfahren.jpg 913w\" sizes=\"(max-width: 300px) 85vw, 300px\" \/><figcaption id=\"caption-attachment-1655\" class=\"wp-caption-text\">Abnahme Radfahren: Trotz sch\u00f6nem Wetter, lediglich nur 3 Teilnehmer<\/figcaption><\/figure>\n<figure id=\"attachment_1654\" aria-describedby=\"caption-attachment-1654\" style=\"width: 300px\" class=\"wp-caption alignnone\"><img loading=\"lazy\" decoding=\"async\" class=\"wp-image-1654 size-medium\" src=\"http:\/\/tb-wilferdingen.de\/wp-content\/uploads\/2024\/04\/2BSS-300x123.jpg\" alt=\"\" width=\"300\" height=\"123\" srcset=\"http:\/\/tb-wilferdingen.de\/wp-content\/uploads\/2024\/04\/2BSS-300x123.jpg 300w, http:\/\/tb-wilferdingen.de\/wp-content\/uploads\/2024\/04\/2BSS-768x314.jpg 768w, http:\/\/tb-wilferdingen.de\/wp-content\/uploads\/2024\/04\/2BSS.jpg 1024w\" sizes=\"(max-width: 300px) 85vw, 300px\" \/><figcaption id=\"caption-attachment-1654\" class=\"wp-caption-text\">Im Rahmen der Ferienbetreuung nahmen 2023 von der Bergschule Singen 52 Kinder im Alter von 6-10 Jahren, mit Begeisterung teil.<\/figcaption><\/figure>\n<p><img loading=\"lazy\" decoding=\"async\" class=\"alignnone size-medium wp-image-1653\" src=\"http:\/\/tb-wilferdingen.de\/wp-content\/uploads\/2024\/04\/1BSS-300x198.jpg\" alt=\"\" width=\"300\" height=\"198\" srcset=\"http:\/\/tb-wilferdingen.de\/wp-content\/uploads\/2024\/04\/1BSS-300x198.jpg 300w, http:\/\/tb-wilferdingen.de\/wp-content\/uploads\/2024\/04\/1BSS-768x506.jpg 768w, http:\/\/tb-wilferdingen.de\/wp-content\/uploads\/2024\/04\/1BSS.jpg 941w\" sizes=\"(max-width: 300px) 85vw, 300px\" \/><\/p>\n<p>Die Teilnahme am Sportabzeichen ist auch f\u00fcr Nichtmitglieder m\u00f6glich (Sch\u00fcler und Erwachsene). Auch Personen mit Behinderung k\u00f6nnen das Sportabzeichen ablegen.<\/p>\n<p>Leitung:\u00a0Edwin M\u00fcller<br \/>\n<a href=\"mailto:mueller-edwin@gmx.de\">mueller-edwin@gmx.de<\/a><\/p>\n<p>Aktuelle Informationen und Termin\u00e4nderungen werden im \u00f6rtlichen Mitteilungsblatt unter Vereinsnachrichten &#8222;TBW&#8220; bekannt gegeben.<\/p>\n<p>&nbsp;<\/p>\n","protected":false},"excerpt":{"rendered":"<p>Sportabzeichen 2025 Der TBW hat seit 2018 jedes Jahr die meisten Sportabzeichen des Sportkreis Pforzheim Enzkreis gemeldet. Auch 2024 war der TBW mit 153 Sportabzeichenteilnahmen an der Spitze. Training und Abnahme Leichtathletik Erwachsene und Sch\u00fcler: Montagabends 18.30 \u2013 19.30 Uhr Training: \u00a0\u00a0\u00a0\u00a0\u00a0\u00a0\u00a0\u00a0\u00a0\u00a0\u00a0\u00a0\u00a0\u00a0\u00a0\u00a0\u00a0\u00a0 23. Juni + 30. Juni + 07. Juli 2025 Training + Abnahme: 14.\u00a0 &hellip; <a href=\"http:\/\/tb-wilferdingen.de\/?page_id=1417\" class=\"more-link\"><span class=\"screen-reader-text\">&#8222;Sportabzeichen&#8220; <\/span>weiterlesen<\/a><\/p>\n","protected":false},"author":1,"featured_media":0,"parent":9,"menu_order":0,"comment_status":"closed","ping_status":"closed","template":"","meta":{"footnotes":""},"_links":{"self":[{"href":"http:\/\/tb-wilferdingen.de\/index.php?rest_route=\/wp\/v2\/pages\/1417"}],"collection":[{"href":"http:\/\/tb-wilferdingen.de\/index.php?rest_route=\/wp\/v2\/pages"}],"about":[{"href":"http:\/\/tb-wilferdingen.de\/index.php?rest_route=\/wp\/v2\/types\/page"}],"author":[{"embeddable":true,"href":"http:\/\/tb-wilferdingen.de\/index.php?rest_route=\/wp\/v2\/users\/1"}],"replies":[{"embeddable":true,"href":"http:\/\/tb-wilferdingen.de\/index.php?rest_route=%2Fwp%2Fv2%2Fcomments&post=1417"}],"version-history":[{"count":14,"href":"http:\/\/tb-wilferdingen.de\/index.php?rest_route=\/wp\/v2\/pages\/1417\/revisions"}],"predecessor-version":[{"id":1812,"href":"http:\/\/tb-wilferdingen.de\/index.php?rest_route=\/wp\/v2\/pages\/1417\/revisions\/1812"}],"up":[{"embeddable":true,"href":"http:\/\/tb-wilferdingen.de\/index.php?rest_route=\/wp\/v2\/pages\/9"}],"wp:attachment":[{"href":"http:\/\/tb-wilferdingen.de\/index.php?rest_route=%2Fwp%2Fv2%2Fmedia&parent=1417"}],"curies":[{"name":"wp","href":"https:\/\/api.w.org\/{rel}","templated":true}]}}