{"id":16,"date":"2016-12-04T13:08:14","date_gmt":"2016-12-04T13:08:14","guid":{"rendered":"http:\/\/tb-wilferdingen.de\/?page_id=16"},"modified":"2023-01-04T07:49:57","modified_gmt":"2023-01-04T05:49:57","slug":"kontakt","status":"publish","type":"page","link":"http:\/\/tb-wilferdingen.de\/?page_id=16","title":{"rendered":"Kontakt"},"content":{"rendered":"<p><strong><a href=\"http:\/\/tb-wilferdingen.de\/?page_id=129\">Mitglied werden<\/a><\/strong><\/p>\n<hr \/>\n<p><a href=\"http:\/\/tb-wilferdingen.de\/?page_id=135\"><strong>Der Vorstand<\/strong><\/a><\/p>\n<hr \/>\n<p><strong>Gesch\u00e4ftsstelle Turnerbund Wilferdingen<\/strong><\/p>\n<p><strong>Leitung: <\/strong><br \/>\nSibylle Schneider<\/p>\n<p><strong>Adresse: <\/strong><br \/>\nTB Wilferdingen 1896 e.V.<br \/>\nJahnstra\u00dfe 6, 75196 Remchingen<\/p>\n<p><strong>\u00d6ffnungszeiten<\/strong>:<br \/>\nDienstag 17:30-20:00 Uhr<br \/>\n(Vorherige Terminvereinbarung wird empfohlen. In den Schulferien kann es zu eingeschr\u00e4nkten \u00d6ffnungszeiten kommen.)<\/p>\n<p><b>Telefon:<\/b> +49 (0)7232\/71236<br \/>\n<b>E-Mail:<\/b> <a class=\"C-5\" href=\"mailto:turnerbund.wilferdingen@t-online.de\">turnerbund.wilferdingen@t-online.de<\/a><\/p>\n<hr \/>\n<p><strong>Bankverbindungen<\/strong><\/p>\n<p>Volksbank pur eG:<br \/>\nDE19 6619 0000 0089 0154 05<br \/>\nGENODE61KA1<\/p>\n<p>Sparkasse Pforzheim-Calw:<br \/>\nDE46 6665 0085 0000 8650 95<br \/>\nPZHSDE66XXX<\/p>\n","protected":false},"excerpt":{"rendered":"<p>Mitglied werden Der Vorstand Gesch\u00e4ftsstelle Turnerbund Wilferdingen Leitung: Sibylle Schneider Adresse: TB Wilferdingen 1896 e.V. Jahnstra\u00dfe 6, 75196 Remchingen \u00d6ffnungszeiten: Dienstag 17:30-20:00 Uhr (Vorherige Terminvereinbarung wird empfohlen. In den Schulferien kann es zu eingeschr\u00e4nkten \u00d6ffnungszeiten kommen.) Telefon: +49 (0)7232\/71236 E-Mail: turnerbund.wilferdingen@t-online.de Bankverbindungen Volksbank pur eG: DE19 6619 0000 0089 0154 05 GENODE61KA1 Sparkasse Pforzheim-Calw: DE46 &hellip; <a href=\"http:\/\/tb-wilferdingen.de\/?page_id=16\" class=\"more-link\"><span class=\"screen-reader-text\">&#8222;Kontakt&#8220; <\/span>weiterlesen<\/a><\/p>\n","protected":false},"author":1,"featured_media":0,"parent":0,"menu_order":0,"comment_status":"closed","ping_status":"closed","template":"","meta":{"footnotes":""},"_links":{"self":[{"href":"http:\/\/tb-wilferdingen.de\/index.php?rest_route=\/wp\/v2\/pages\/16"}],"collection":[{"href":"http:\/\/tb-wilferdingen.de\/index.php?rest_route=\/wp\/v2\/pages"}],"about":[{"href":"http:\/\/tb-wilferdingen.de\/index.php?rest_route=\/wp\/v2\/types\/page"}],"author":[{"embeddable":true,"href":"http:\/\/tb-wilferdingen.de\/index.php?rest_route=\/wp\/v2\/users\/1"}],"replies":[{"embeddable":true,"href":"http:\/\/tb-wilferdingen.de\/index.php?rest_route=%2Fwp%2Fv2%2Fcomments&post=16"}],"version-history":[{"count":5,"href":"http:\/\/tb-wilferdingen.de\/index.php?rest_route=\/wp\/v2\/pages\/16\/revisions"}],"predecessor-version":[{"id":1394,"href":"http:\/\/tb-wilferdingen.de\/index.php?rest_route=\/wp\/v2\/pages\/16\/revisions\/1394"}],"wp:attachment":[{"href":"http:\/\/tb-wilferdingen.de\/index.php?rest_route=%2Fwp%2Fv2%2Fmedia&parent=16"}],"curies":[{"name":"wp","href":"https:\/\/api.w.org\/{rel}","templated":true}]}}