{"id":68,"date":"2017-03-04T20:35:18","date_gmt":"2017-03-04T19:35:18","guid":{"rendered":"http:\/\/tb-wilferdingen.de\/?page_id=68"},"modified":"2026-04-01T19:53:59","modified_gmt":"2026-04-01T17:53:59","slug":"turnen","status":"publish","type":"page","link":"http:\/\/tb-wilferdingen.de\/?page_id=68","title":{"rendered":"Kinder- und Jugendturnen"},"content":{"rendered":"<p><strong>Hier ein paar Kurzinfos zu den Elki und Vorschulgruppen:<br \/>\n<\/strong><\/p>\n<p>Die Teilnahme an den Elki und Vorschulgruppen ist nur <strong>mit vorheriger Anmeldung<\/strong> m\u00f6glich.<\/p>\n<p>Zeiten und Ansprechpartner in Kurzform:<\/p>\n<p>Elki 1-3 Jahre (freitags 9.45-11 Uhr), Julia Kern: Mobil 0179 7260002<\/p>\n<p>Elki 1-3 Jahre (mittwochs f. Kindergartenkinder 15-15.45 Uhr) , Saskia Walch: walch.saskia@web.de<\/p>\n<p>Vorschulturnen 3-4 Jahre Turnk\u00e4fer (mittwochs 16-16.45 Uhr) Elena Bender: Elena2bender@gmail.com<\/p>\n<p>Vorschulturnen 4-5 Jahre Turnb\u00e4ren(mittwochs 15-15.45 Uhr) Sonya Sommerfeld: Sonya.turnen.tbw@gmail.com<\/p>\n<p>Vorschulturnen 5-6 Jahre Turntiger(mittwochs 16-16.45 Uhr) Sibel Knorr: tbw.turnen.sibelknorr@gmx.de<\/p>\n<p><strong>Bei allen Vorschulgruppen erfolgen die Wechsel in Absprache mit den \u00dcbungsleitern.<\/strong><\/p>\n<p>&nbsp;<\/p>\n<p>Hier noch ausf\u00fchrlich:<\/p>\n<p><strong>Eltern &#8211; Kind Turnen<\/strong><\/p>\n<p>Alter: 1 &#8211; 3 Jahre<br \/>\n(sobald das Kind laufen kann)<strong><img loading=\"lazy\" decoding=\"async\" class=\"alignright wp-image-386\" src=\"http:\/\/tb-wilferdingen.de\/wp-content\/uploads\/2017\/03\/Eltern-Kind-Gruppe-300x225.jpg\" alt=\"\" width=\"360\" height=\"270\" srcset=\"http:\/\/tb-wilferdingen.de\/wp-content\/uploads\/2017\/03\/Eltern-Kind-Gruppe-300x225.jpg 300w, http:\/\/tb-wilferdingen.de\/wp-content\/uploads\/2017\/03\/Eltern-Kind-Gruppe-768x576.jpg 768w, http:\/\/tb-wilferdingen.de\/wp-content\/uploads\/2017\/03\/Eltern-Kind-Gruppe-1024x768.jpg 1024w, http:\/\/tb-wilferdingen.de\/wp-content\/uploads\/2017\/03\/Eltern-Kind-Gruppe.jpg 1040w\" sizes=\"(max-width: 360px) 85vw, 360px\" \/><\/strong><\/p>\n<p>Zeit: Freitag\u00a0 9:45 &#8211; 11:00 Uhr<\/p>\n<p>Leitung: Julia Kern, Milena Becker und Elena Bender<\/p>\n<p>Infos bei: Julia Kern\u00a0 \u00a0 Mobil 0179 7260002<\/p>\n<p>&nbsp;<\/p>\n<p><strong>Eltern-Kind-Turnen\u00a0 am Nachmittag f\u00fcr Kindergarten Kinder 1-3 Jahre<br \/>\n<\/strong><\/p>\n<p>Zeit: Mittwoch 15.00 &#8211; 15.45 Uhr<\/p>\n<p>Leitung: Saskia Walch:\u00a0 \u00a0walch.saskia@web.de<\/p>\n<p>Die Teilnehmerzahl ist begrenzt, daher ist eine <strong>vorherige Anmeldung unbedingt erforderlich.<\/strong><\/p>\n<p>&nbsp;<\/p>\n<hr \/>\n<p><strong>Vorschulkinder \u2013 Turnen<br \/>\n<\/strong><\/p>\n<p>Turnk\u00e4fer\u00a0 \u00a0 \u00a0 Alter: 3 \u2013 4 Jahre\u00a0<img loading=\"lazy\" decoding=\"async\" class=\"size-medium wp-image-1570 alignright\" src=\"http:\/\/tb-wilferdingen.de\/wp-content\/uploads\/2024\/01\/Turnkaefer-251x300.jpg\" alt=\"\" width=\"251\" height=\"300\" srcset=\"http:\/\/tb-wilferdingen.de\/wp-content\/uploads\/2024\/01\/Turnkaefer-251x300.jpg 251w, http:\/\/tb-wilferdingen.de\/wp-content\/uploads\/2024\/01\/Turnkaefer-855x1024.jpg 855w, http:\/\/tb-wilferdingen.de\/wp-content\/uploads\/2024\/01\/Turnkaefer-768x919.jpg 768w, http:\/\/tb-wilferdingen.de\/wp-content\/uploads\/2024\/01\/Turnkaefer.jpg 1080w\" sizes=\"(max-width: 251px) 85vw, 251px\" \/><\/p>\n<p>(ab 3. Geburtstag)<\/p>\n<p>Zeit: Mittwoch 16:00 \u2013 16:45 Uhr<\/p>\n<p>Leitung: Saskia Walch und Elena Bender<\/p>\n<p>Email: walch.saskia@web.de<\/p>\n<p>(Vorherige Anmeldung unbedingt erforderlich!!!)<\/p>\n<p><strong>Eine Teilnahme kann nur erfolgen, wenn freie Pl\u00e4tze verf\u00fcgbar sind.<\/strong><\/p>\n<hr \/>\n<p><strong>Vorschulkinder \u2013 Turnen (voherige Anmeldung erforderlich)<br \/>\n<\/strong><\/p>\n<p>Turnb\u00e4ren\u00a0 \u00a0 \u00a0 Alter: 4 \u2013 5 Jahre (bis die Kinder Vorsch\u00fcler werden)<\/p>\n<p>Zeit: Mittwoch 15:00 \u2013 15:45 Uhr<\/p>\n<p>Leitung: Sonya Sommerfeld und Sibel Knorr<\/p>\n<p>Infos \u00fcber: Sonya Sommerfeld<br \/>\nMail:\u00a0 Sonya.turnen.tbw@gmail.com (Vorherige Anmeldung unbedingt erforderlich!!!) Begrenzte Anzahl an Pl\u00e4tze<\/p>\n<hr \/>\n<p><strong>Vorschulkinder \u2013 Turnen<\/strong><\/p>\n<p>Turntiger\u00a0 \u00a0 \u00a0 Alter: 5 \u2013 6 Jahre (letztes Kindergartenjahr)<\/p>\n<p>Zeit: Mittwoch 16:00 \u2013 16:45 Uhr<\/p>\n<p>Leitung: Sibel Knorr<\/p>\n<p>Infos \u00fcber Mail: tbw.turnen.sibelknorr@gmx.de<\/p>\n<p><strong>Bei allen Vorschulgruppen erfolgen die Wechsel in Absprache mit den \u00dcbungsleitern.<\/strong><\/p>\n<p>&nbsp;<\/p>\n<hr \/>\n<p><strong>Turnzwerge als Vorbereitung zum Leistungsturnen<\/strong><\/p>\n<p>Alter: 5 &#8211; 6 Jahre<\/p>\n<p>freitags von 16.40 Uhr bis 17.40 Uhr<\/p>\n<p>\u00dcbungsleiter: Hannah Kr\u00f6ner und Pauline Brecher<\/p>\n<p>R\u00fcckfragen bei Simone Schneider: usinich@t-online.de oder Tel. 07232\/79036<\/p>\n<p>&nbsp;<\/p>\n<hr \/>\n<p><strong><img loading=\"lazy\" decoding=\"async\" class=\"alignright wp-image-383\" src=\"http:\/\/tb-wilferdingen.de\/wp-content\/uploads\/2017\/03\/Allg.-M\u00e4dchenturnen-1.-4.-Klasse-300x225.jpg\" alt=\"\" width=\"360\" height=\"270\" srcset=\"http:\/\/tb-wilferdingen.de\/wp-content\/uploads\/2017\/03\/Allg.-M\u00e4dchenturnen-1.-4.-Klasse-300x225.jpg 300w, http:\/\/tb-wilferdingen.de\/wp-content\/uploads\/2017\/03\/Allg.-M\u00e4dchenturnen-1.-4.-Klasse-768x576.jpg 768w, http:\/\/tb-wilferdingen.de\/wp-content\/uploads\/2017\/03\/Allg.-M\u00e4dchenturnen-1.-4.-Klasse-1024x768.jpg 1024w, http:\/\/tb-wilferdingen.de\/wp-content\/uploads\/2017\/03\/Allg.-M\u00e4dchenturnen-1.-4.-Klasse-1200x900.jpg 1200w, http:\/\/tb-wilferdingen.de\/wp-content\/uploads\/2017\/03\/Allg.-M\u00e4dchenturnen-1.-4.-Klasse.jpg 1280w\" sizes=\"(max-width: 360px) 85vw, 360px\" \/><\/strong><\/p>\n<p><strong>Allgemeines M\u00e4dchenturnen<\/strong><\/p>\n<p>Alter: 1. &#8211; 4. Klasse<\/p>\n<p>Zeit: Mittwoch 17:00 \u2013 18:15 Uhr<\/p>\n<p>Leitung: Nicole Ruf<br \/>\nTel. 07232\/370891<\/p>\n<p>&nbsp;<\/p>\n<hr \/>\n<p><strong>M\u00e4dchenturnen <\/strong><\/p>\n<p>Alter: 10 \u2013 17 Jahre<\/p>\n<p>Zeit: Montag 18:00 \u2013 19:30 Uhr<\/p>\n<p>Leitung: Annika Siegel und Mara Wolf<\/p>\n<p>Infos bei Annika Siegel 0163\/5240955<\/p>\n<hr \/>\n<figure id=\"attachment_1505\" aria-describedby=\"caption-attachment-1505\" style=\"width: 300px\" class=\"wp-caption alignright\"><img loading=\"lazy\" decoding=\"async\" class=\"wp-image-1505 size-medium\" src=\"http:\/\/tb-wilferdingen.de\/wp-content\/uploads\/2023\/09\/IMG-20230903-WA0001-300x296.jpg\" alt=\"\" width=\"300\" height=\"296\" srcset=\"http:\/\/tb-wilferdingen.de\/wp-content\/uploads\/2023\/09\/IMG-20230903-WA0001-300x296.jpg 300w, http:\/\/tb-wilferdingen.de\/wp-content\/uploads\/2023\/09\/IMG-20230903-WA0001-1024x1009.jpg 1024w, http:\/\/tb-wilferdingen.de\/wp-content\/uploads\/2023\/09\/IMG-20230903-WA0001-768x757.jpg 768w, http:\/\/tb-wilferdingen.de\/wp-content\/uploads\/2023\/09\/IMG-20230903-WA0001-1200x1182.jpg 1200w, http:\/\/tb-wilferdingen.de\/wp-content\/uploads\/2023\/09\/IMG-20230903-WA0001.jpg 1536w\" sizes=\"(max-width: 300px) 85vw, 300px\" \/><figcaption id=\"caption-attachment-1505\" class=\"wp-caption-text\">Die \u00dcbungsleiter f\u00fcr das Sch\u00fclerturnen<\/figcaption><\/figure>\n<p><strong>Sch\u00fclerturnen m\u00e4nnlich<\/strong><\/p>\n<p>Alter: ab 6 Jahren<\/p>\n<p>Zeit: Freitag 17:30 \u2013 18:15 Uhr<\/p>\n<p>Leitung: Thilo Butz<br \/>\nMail: <a href=\"mailto:tbw.turnen.thilo@web.de\" target=\"_blank\" rel=\"noopener\">tbw.turnen.thilo@web.de<\/a><\/p>\n","protected":false},"excerpt":{"rendered":"<p>Hier ein paar Kurzinfos zu den Elki und Vorschulgruppen: Die Teilnahme an den Elki und Vorschulgruppen ist nur mit vorheriger Anmeldung m\u00f6glich. Zeiten und Ansprechpartner in Kurzform: Elki 1-3 Jahre (freitags 9.45-11 Uhr), Julia Kern: Mobil 0179 7260002 Elki 1-3 Jahre (mittwochs f. Kindergartenkinder 15-15.45 Uhr) , Saskia Walch: walch.saskia@web.de Vorschulturnen 3-4 Jahre Turnk\u00e4fer (mittwochs &hellip; <a href=\"http:\/\/tb-wilferdingen.de\/?page_id=68\" class=\"more-link\"><span class=\"screen-reader-text\">&#8222;Kinder- und Jugendturnen&#8220; <\/span>weiterlesen<\/a><\/p>\n","protected":false},"author":1,"featured_media":0,"parent":9,"menu_order":0,"comment_status":"closed","ping_status":"closed","template":"","meta":{"footnotes":""},"_links":{"self":[{"href":"http:\/\/tb-wilferdingen.de\/index.php?rest_route=\/wp\/v2\/pages\/68"}],"collection":[{"href":"http:\/\/tb-wilferdingen.de\/index.php?rest_route=\/wp\/v2\/pages"}],"about":[{"href":"http:\/\/tb-wilferdingen.de\/index.php?rest_route=\/wp\/v2\/types\/page"}],"author":[{"embeddable":true,"href":"http:\/\/tb-wilferdingen.de\/index.php?rest_route=\/wp\/v2\/users\/1"}],"replies":[{"embeddable":true,"href":"http:\/\/tb-wilferdingen.de\/index.php?rest_route=%2Fwp%2Fv2%2Fcomments&post=68"}],"version-history":[{"count":71,"href":"http:\/\/tb-wilferdingen.de\/index.php?rest_route=\/wp\/v2\/pages\/68\/revisions"}],"predecessor-version":[{"id":1961,"href":"http:\/\/tb-wilferdingen.de\/index.php?rest_route=\/wp\/v2\/pages\/68\/revisions\/1961"}],"up":[{"embeddable":true,"href":"http:\/\/tb-wilferdingen.de\/index.php?rest_route=\/wp\/v2\/pages\/9"}],"wp:attachment":[{"href":"http:\/\/tb-wilferdingen.de\/index.php?rest_route=%2Fwp%2Fv2%2Fmedia&parent=68"}],"curies":[{"name":"wp","href":"https:\/\/api.w.org\/{rel}","templated":true}]}}